{"id":549,"date":"2021-01-26T15:09:57","date_gmt":"2021-01-26T14:09:57","guid":{"rendered":"https:\/\/exdigit.plus.ac.at\/datenschutzerklaerung\/"},"modified":"2024-12-12T15:35:55","modified_gmt":"2024-12-12T14:35:55","slug":"privacy-policy","status":"publish","type":"page","link":"https:\/\/exdigit.plus.ac.at\/en\/privacy-policy\/","title":{"rendered":"Privacy policy"},"content":{"rendered":"\r\n<h1 class=\"wp-block-heading\">Datenschutzerkl\u00e4rung<\/h1>\r\n\r\n\r\n\r\n<p>Verantwortlich f\u00fcr die Verarbeitung Ihrer personenbezogenen Daten auf dieser Website ist ___. Alle relevanten Daten zum Unternehmen finden Sie im Impressum.<\/p>\r\n\r\n\r\n\r\n<p>Der Schutz Ihrer pers\u00f6nlichen Daten ist uns ein besonderes Anliegen. Wir verarbeiten Ihre Daten daher ausschlie\u00dflich auf Grundlage der gesetzlichen Bestimmungen (DSGVO, TKG 2003). In diesen Datenschutzinformationen informieren wir Sie \u00fcber die wichtigsten Aspekte der Datenverarbeitung im Rahmen unserer Website.<\/p>\r\n\r\n\r\n\r\n<h2 class=\"wp-block-heading\">Kontakt mit uns<\/h2>\r\n\r\n\r\n\r\n<p>Wenn Sie per Formular auf der Website oder per E-Mail Kontakt mit uns aufnehmen, werden Ihre angegebenen Daten zwecks Bearbeitung der Anfrage und f\u00fcr den Fall von Anschlussfragen sechs Monate bei uns gespeichert. Diese Daten geben wir nicht ohne Ihre Einwilligung weiter.<\/p>\r\n\r\n\r\n\r\n<h2 class=\"wp-block-heading\">Cookies<\/h2>\r\n\r\n\r\n\r\n<p>Unsere Website verwendet keine Cookies, die pers\u00f6nliche Daten speichern oder dem Tracking des Verhalten der Besucher dienen.<\/p>\r\n\r\n\r\n\r\n<h2 class=\"wp-block-heading\">Newsletter<\/h2>\r\n\r\n\r\n\r\n<p>Sie haben die M\u00f6glichkeit, \u00fcber unsere Website unseren Newsletter zu abonnieren. Hierf\u00fcr ben\u00f6tigen wir Ihre E-Mail-Adresse und ihre Erkl\u00e4rung, dass Sie mit dem Bezug des Newsletters einverstanden sind. Um Sie zielgerichtet mit Informationen zu versorgen, erheben und verarbeiten wir au\u00dferdem freiwillig gemachte Angaben zu Interessengebieten, Geburtstag und Postleitzahl.<\/p>\r\n\r\n\r\n\r\n<p>Sobald Sie sich f\u00fcr den Newsletter angemeldet haben, senden wir Ihnen ein Best\u00e4tigungs-E-Mail mit einem Link zur Best\u00e4tigung der Anmeldung. Das Abo des Newsletters k\u00f6nnen Sie jederzeit stornieren. Senden Sie Ihre Stornierung bitte an folgende E-Mail-Adresse: office@typo-wimmer.at. Wir l\u00f6schen anschlie\u00dfend umgehend Ihre Daten im Zusammenhang mit dem Newsletter-Versand.<\/p>\r\n\r\n\r\n\r\n<h2 class=\"wp-block-heading\">Ihre Rechte<\/h2>\r\n\r\n\r\n\r\n<p>Ihnen stehen grunds\u00e4tzlich die Rechte auf Auskunft, Berichtigung, L\u00f6schung, Einschr\u00e4nkung, Daten\u00fcbertragbarkeit, Widerruf und Widerspruch zu. Wenn Sie glauben, dass die Verarbeitung Ihrer Daten gegen das Datenschutzrecht verst\u00f6\u00dft oder Ihre datenschutzrechtlichen Anspr\u00fcche sonst in einer Weise verletzt worden sind, k\u00f6nnen Sie sich bei der Aufsichtsbeh\u00f6rde beschweren. In \u00d6sterreich ist dies die Datenschutzbeh\u00f6rde.<\/p>\r\n\r\n\r\n\r\n<h2 class=\"wp-block-heading\">Sie erreichen uns unter folgenden Kontaktdaten:<\/h2>\r\n\r\n\r\n\r\n<p>Kontakt<\/p>\r\n\r\n\r\n\r\n<p>Stand:<\/p>\r\n","protected":false},"excerpt":{"rendered":"<p>Datenschutzerkl\u00e4rung Verantwortlich f\u00fcr die Verarbeitung Ihrer personenbezogenen Daten auf dieser Website ist ___. Alle relevanten Daten zum Unternehmen finden Sie im Impressum. Der Schutz Ihrer pers\u00f6nlichen Daten ist uns ein besonderes Anliegen. Wir verarbeiten Ihre Daten daher ausschlie\u00dflich auf Grundlage der gesetzlichen Bestimmungen (DSGVO, TKG 2003). In diesen Datenschutzinformationen informieren wir Sie \u00fcber die wichtigsten [&hellip;]<\/p>\n","protected":false},"author":1,"featured_media":0,"parent":0,"menu_order":1010,"comment_status":"closed","ping_status":"open","template":"","meta":{"_acf_changed":false,"footnotes":""},"class_list":["post-549","page","type-page","status-publish","hentry"],"acf":[],"_links":{"self":[{"href":"https:\/\/exdigit.plus.ac.at\/en\/wp-json\/wp\/v2\/pages\/549","targetHints":{"allow":["GET"]}}],"collection":[{"href":"https:\/\/exdigit.plus.ac.at\/en\/wp-json\/wp\/v2\/pages"}],"about":[{"href":"https:\/\/exdigit.plus.ac.at\/en\/wp-json\/wp\/v2\/types\/page"}],"author":[{"embeddable":true,"href":"https:\/\/exdigit.plus.ac.at\/en\/wp-json\/wp\/v2\/users\/1"}],"replies":[{"embeddable":true,"href":"https:\/\/exdigit.plus.ac.at\/en\/wp-json\/wp\/v2\/comments?post=549"}],"version-history":[{"count":1,"href":"https:\/\/exdigit.plus.ac.at\/en\/wp-json\/wp\/v2\/pages\/549\/revisions"}],"predecessor-version":[{"id":568,"href":"https:\/\/exdigit.plus.ac.at\/en\/wp-json\/wp\/v2\/pages\/549\/revisions\/568"}],"wp:attachment":[{"href":"https:\/\/exdigit.plus.ac.at\/en\/wp-json\/wp\/v2\/media?parent=549"}],"curies":[{"name":"wp","href":"https:\/\/api.w.org\/{rel}","templated":true}]}}